{"id":96223,"date":"2024-07-19T14:19:05","date_gmt":"2024-07-19T12:19:05","guid":{"rendered":"https:\/\/kolibersystem.pl\/?page_id=96223"},"modified":"2025-03-21T12:30:16","modified_gmt":"2025-03-21T11:30:16","slug":"datenschutzrichtlinie","status":"publish","type":"page","link":"https:\/\/kolibersystem.pl\/de\/datenschutzrichtlinie\/","title":{"rendered":"Datenschutzrichtlinie"},"content":{"rendered":"\t\t<div data-elementor-type=\"wp-page\" data-elementor-id=\"96223\" class=\"elementor elementor-96223 elementor-3\" data-elementor-post-type=\"page\">\n\t\t\t\t<div class=\"elementor-element elementor-element-2cb05201 e-flex e-con-boxed e-con e-parent\" data-id=\"2cb05201\" data-element_type=\"container\">\n\t\t\t\t\t<div class=\"e-con-inner\">\n\t\t\t\t<div class=\"elementor-element elementor-element-47444ce elementor-widget elementor-widget-text-editor\" data-id=\"47444ce\" data-element_type=\"widget\" data-widget_type=\"text-editor.default\">\n\t\t\t\t<div class=\"elementor-widget-container\">\n\t\t\t\t\t\t\t<h2>Datenschutzrichtlinie<\/h2><p><strong>Lieber Nutzer!<\/strong><\/p><p>Wir legen gro\u00dfen Wert auf den Schutz Ihrer Privatsph\u00e4re und m\u00f6chten, dass Sie sich beim Nutzen unserer Dienste wohl und sicher f\u00fchlen. Nachfolgend finden Sie die wichtigsten Informationen \u00fcber die Verarbeitung Ihrer personenbezogenen Daten sowie \u00fcber Cookies, die von unserem Service verwendet werden. Diese Informationen wurden unter Ber\u00fccksichtigung der DSGVO (Datenschutz-Grundverordnung) erstellt.<\/p><p><strong>VERANTWORTLICHER F\u00dcR DIE DATENVERARBEITUNG (&#8222;Verantwortlicher&#8220;)<\/strong><\/p><p>KOLIBER Karolina Ku\u017aniar, <strong>USt-IdNr. 8513192807<\/strong>, <strong>REGON-Nr. 363835924<\/strong>, ul. Jod\u0142owa 2A, 72-010 Police<\/p><h3>Personenbezogene Daten und Datenschutz<\/h3><p>Wenn Sie unsere Dienste in Anspruch nehmen oder uns \u00fcber das Kontaktformular kontaktieren m\u00f6chten, werden Sie gebeten, uns Ihre personenbezogenen Daten bereitzustellen. Ihre Daten werden f\u00fcr die unten aufgef\u00fchrten Zwecke verarbeitet, die mit dem Betrieb des Services und der Bereitstellung der darin angebotenen Dienstleistungen (&#8222;Dienstleistungen&#8220;) zusammenh\u00e4ngen.<\/p><p><strong>Zweck der Verarbeitung:<\/strong><\/p><p>Je nachdem, wof\u00fcr Sie sich entscheiden, kann dies Folgendes umfassen:<\/p><ul><li>Erbringung der im Service angebotenen Dienstleistungen<\/li><li>Abwicklung Ihrer Bestellungen<\/li><li>Direktmarketing der angebotenen Dienstleistungen, ausgenommen Newsletter<\/li><\/ul><p><strong>Rechtsgrundlagen der Verarbeitung:<\/strong><\/p><ul><li>Kaufvertrag oder auf Ihren Wunsch hin durchgef\u00fchrte vorvertragliche Ma\u00dfnahmen (Art. 6 Abs. 1 lit. b DSGVO)<\/li><li>Gesetzliche Verpflichtung, z. B. im Zusammenhang mit der Buchf\u00fchrung (Art. 6 Abs. 1 lit. c DSGVO)<\/li><li>Ihre im Service erteilte Einwilligung (Art. 6 Abs. 1 lit. a DSGVO)<\/li><li>Dienstleistungsvertrag oder auf Ihren Wunsch hin getroffene Ma\u00dfnahmen zur Vertragsanbahnung (Art. 6 Abs. 1 lit. b DSGVO)<\/li><li>Unser berechtigtes Interesse an der Geltendmachung, Aus\u00fcbung oder Verteidigung von Rechtsanspr\u00fcchen (Art. 6 Abs. 1 lit. f DSGVO)<\/li><li>Unser berechtigtes Interesse am Direktmarketing (Art. 6 Abs. 1 lit. f DSGVO)<\/li><li>Unser berechtigtes Interesse an der Datenanalyse und Statistik (Art. 6 Abs. 1 lit. f DSGVO)<\/li><li>Unser berechtigtes Interesse an der Durchf\u00fchrung von Kundenzufriedenheitsumfragen (Art. 6 Abs. 1 lit. f DSGVO)<\/li><\/ul><p><strong>Bereitstellung der Daten:<\/strong><\/p><ul><li>Freiwillig, aber in einigen F\u00e4llen erforderlich f\u00fcr den Vertragsabschluss.<\/li><\/ul><p><strong>Folgen der Nichtbereitstellung:<\/strong><\/p><p>Abh\u00e4ngig vom Zweck der Bereitstellung:<\/p><ul><li>keine Nutzung der Service-Dienstleistungen m\u00f6glich<\/li><li>kein Versand des Kontaktformulars m\u00f6glich<\/li><\/ul><p><strong>Widerruf der Einwilligung:<br \/><\/strong><\/p><ul><li>Jederzeit m\u00f6glich<\/li><\/ul><p>Die Verarbeitung bis zum Widerruf bleibt rechtm\u00e4\u00dfig.<\/p><h3>Profiling<\/h3><p>Im Rahmen des Services k\u00f6nnen bestimmte Inhalte automatisch an Ihre Bed\u00fcrfnisse angepasst werden, d. h. es kann Profiling vorgenommen werden, indem Ihre bereitgestellten personenbezogenen Daten verwendet werden.<\/p><p>Sollte das Profiling zu Entscheidungen f\u00fchren, die rechtliche Auswirkungen f\u00fcr Sie haben oder Sie in \u00e4hnlich erheblicher Weise betreffen, erfolgt dies nur mit Ihrer ausdr\u00fccklichen Einwilligung.<\/p><p>Bitte beachten Sie, dass Sie Ihre Einwilligung jederzeit widerrufen k\u00f6nnen. Die Verarbeitung bis zum Zeitpunkt des Widerrufs bleibt rechtm\u00e4\u00dfig.<\/p><h3>Dauer der Verarbeitung<\/h3><p>Wir verarbeiten Ihre Daten nur so lange, wie eine rechtliche Grundlage besteht, also bis zu dem Zeitpunkt, an dem:<\/p><ul><li>wir keiner gesetzlichen Verpflichtung mehr unterliegen, die uns zur Verarbeitung Ihrer Daten verpflichtet<\/li><li>keine M\u00f6glichkeit mehr besteht, Anspr\u00fcche im Zusammenhang mit einem \u00fcber den Service geschlossenen Vertrag geltend zu machen, durchzusetzen oder zu verteidigen<\/li><li>Sie Ihre Einwilligung widerrufen, wenn diese die Grundlage f\u00fcr die Verarbeitung war<\/li><li>Ihr Widerspruch gegen die Verarbeitung Ihrer personenbezogenen Daten akzeptiert wird<\/li><\/ul><h3>Datensicherheit<\/h3><p>Bei der Verarbeitung Ihrer personenbezogenen Daten setzen wir organisatorische und technische Ma\u00dfnahmen ein, die den geltenden gesetzlichen Bestimmungen entsprechen, darunter die Verschl\u00fcsselung der Verbindung mittels SSL-Zertifikat.<\/p><h3>Ihre Rechte<\/h3><p>Sie haben das Recht, Folgendes zu verlangen:<\/p><ul><li>Zugriff auf Ihre personenbezogenen Daten,<\/li><li>deren Berichtigung,<\/li><li>L\u00f6schung,<\/li><li>Einschr\u00e4nkung der Verarbeitung,<\/li><li>\u00dcbertragung der Daten an einen anderen Verantwortlichen,<\/li><\/ul><p>Sowie:<\/p><ul><li>Widerspruch gegen die Verarbeitung Ihrer Daten jederzeit einzulegen:<ul><li>aus Gr\u00fcnden, die sich aus Ihrer besonderen Situation ergeben \u2013 gegen die Verarbeitung Ihrer personenbezogenen Daten, die auf Art. 6 Abs. 1 lit. f DSGVO beruht (d. h. auf unseren berechtigten Interessen), einschlie\u00dflich Profiling auf Basis dieser Bestimmungen<\/li><\/ul><\/li><li>wenn die personenbezogenen Daten f\u00fcr Zwecke des Direktmarketings verarbeitet werden, einschlie\u00dflich Profiling, soweit dies mit solchem Direktmarketing in Verbindung steht<\/li><\/ul><p>Kontaktieren Sie uns, wenn Sie Ihre Rechte wahrnehmen m\u00f6chten.<\/p><p>Wenn Sie der Meinung sind, dass Ihre Daten unrechtm\u00e4\u00dfig verarbeitet werden, k\u00f6nnen Sie eine Beschwerde bei der Aufsichtsbeh\u00f6rde einreichen.<\/p><h3>Cookies<\/h3><p>Unser Service verwendet, wie die meisten Websites, sogenannte Cookies. Diese Dateien:<\/p><ul><li>werden im Speicher Ihres Endger\u00e4ts (Computer, Telefon usw.) gespeichert<\/li><li>erm\u00f6glichen Ihnen u. a. die Nutzung aller Funktionen des Services<\/li><li>ver\u00e4ndern nicht die Einstellungen Ihres Endger\u00e4ts<\/li><\/ul><p>Durch entsprechende Einstellungen Ihres Browsers k\u00f6nnen Sie jederzeit:<\/p><ul><li>Cookies l\u00f6schen<\/li><li>die k\u00fcnftige Verwendung von Cookies blockieren<\/li><\/ul><p>In diesem Service werden Cookies zu folgenden Zwecken verwendet:<\/p><ul><li>Speicherung von Informationen \u00fcber Ihre Sitzung<\/li><li>Statistik<\/li><li>Marketing<\/li><li>Bereitstellung von Servicefunktionen<\/li><\/ul><p>Wie Sie Cookies verwalten, einschlie\u00dflich deren Deaktivierung im Browser, erfahren Sie \u00fcber die Hilfedatei Ihres Browsers. Informationen dazu finden Sie, indem Sie die Taste F1 im Browser dr\u00fccken. Zus\u00e4tzlich finden Sie Hinweise auf folgenden Unterseiten je nach verwendetem Browser:<\/p><ul><li><a href=\"https:\/\/support.mozilla.org\/de\/kb\/cookies-informationen-websites-auf-ihrem-computer\">Firefox<\/a><\/li><li><a href=\"https:\/\/support.google.com\/chrome\/answer\/95647?hl=de&amp;co=GENIE.Platform%3DDesktop&amp;sjid=13590508751481714606-EU\">Chrome<\/a><\/li><li><a href=\"https:\/\/support.apple.com\/de-de\/guide\/safari\/sfri11471\/mac\">Safari<\/a><\/li><li><a href=\"http:\/\/windows.microsoft.com\/pl-pl\/windows-10\/edge-privacy-faq\">Internet Explorer \/ Microsoft Edge<\/a><\/li><\/ul><p>Mehr \u00fcber Cookies erfahren Sie in der <a href=\"https:\/\/de.wikipedia.org\/wiki\/HTTP-Cookie\">Wikipedia<\/a>.<\/p><h3>Externe Dienste \/ Datenempf\u00e4nger<\/h3><p>Wir nutzen Dienste externer Anbieter, an die Ihre Daten weitergegeben werden k\u00f6nnen. Nachfolgend eine Liste m\u00f6glicher Empf\u00e4nger Ihrer Daten:<\/p><ul><li>Softwareanbieter f\u00fcr den Betrieb des Services<\/li><li>Zahlungsanbieter<\/li><li>Buchhaltungsb\u00fcro<\/li><li>Dienstleister zur Optimierung des Services<\/li><li>Anbieter von Software zur Gesch\u00e4ftsf\u00fchrung (z. B. Buchhaltungssoftware)<\/li><li>Anbieter technischer Unterst\u00fctzung<\/li><li>Anbieter von Marketingdienstleistungen<\/li><li>Anbieter von Statistikdiensten<\/li><li>zust\u00e4ndige Beh\u00f6rden, soweit wir gesetzlich zur Weitergabe verpflichtet sind<\/li><\/ul><h3>Kontakt zum Verantwortlichen<\/h3><p>M\u00f6chten Sie Ihre Rechte in Bezug auf personenbezogene Daten wahrnehmen?<\/p><p>Oder haben Sie Fragen zu unserer Datenschutzrichtlinie?<\/p><p>Schreiben Sie uns per E-Mail an:<br \/><a href=\"mailto:kolibersystem@wp.pl\">kolibersystem@wp.pl<\/a><\/p>\t\t\t\t\t\t<\/div>\n\t\t\t\t<\/div>\n\t\t\t\t\t<\/div>\n\t\t\t\t<\/div>\n\t\t\t\t<\/div>\n\t\t","protected":false},"excerpt":{"rendered":"<p>Datenschutzrichtlinie Lieber Nutzer! Wir legen gro\u00dfen Wert auf den Schutz Ihrer Privatsph\u00e4re und m\u00f6chten, dass Sie sich beim Nutzen unserer Dienste wohl und sicher f\u00fchlen. Nachfolgend finden Sie die wichtigsten Informationen \u00fcber die Verarbeitung Ihrer personenbezogenen Daten sowie \u00fcber Cookies, die von unserem Service verwendet werden. Diese Informationen wurden unter Ber\u00fccksichtigung der DSGVO (Datenschutz-Grundverordnung) erstellt.&hellip;<\/p>\n","protected":false},"author":2,"featured_media":0,"parent":0,"menu_order":0,"comment_status":"closed","ping_status":"open","template":"","meta":{"inline_featured_image":false,"footnotes":""},"class_list":["post-96223","page","type-page","status-publish","hentry"],"yoast_head":"<!-- This site is optimized with the Yoast SEO plugin v27.3 - https:\/\/yoast.com\/product\/yoast-seo-wordpress\/ -->\n<title>Datenschutzrichtlinie - Koliber System<\/title>\n<meta name=\"robots\" content=\"index, follow, max-snippet:-1, max-image-preview:large, max-video-preview:-1\" \/>\n<link rel=\"canonical\" href=\"https:\/\/kolibersystem.pl\/de\/datenschutzrichtlinie\/\" \/>\n<meta property=\"og:locale\" content=\"de_DE\" \/>\n<meta property=\"og:type\" content=\"article\" \/>\n<meta property=\"og:title\" content=\"Datenschutzrichtlinie - Koliber System\" \/>\n<meta property=\"og:description\" content=\"Datenschutzrichtlinie Lieber Nutzer! Wir legen gro\u00dfen Wert auf den Schutz Ihrer Privatsph\u00e4re und m\u00f6chten, dass Sie sich beim Nutzen unserer Dienste wohl und sicher f\u00fchlen. Nachfolgend finden Sie die wichtigsten Informationen \u00fcber die Verarbeitung Ihrer personenbezogenen Daten sowie \u00fcber Cookies, die von unserem Service verwendet werden. Diese Informationen wurden unter Ber\u00fccksichtigung der DSGVO (Datenschutz-Grundverordnung) erstellt.&hellip;\" \/>\n<meta property=\"og:url\" content=\"https:\/\/kolibersystem.pl\/de\/datenschutzrichtlinie\/\" \/>\n<meta property=\"og:site_name\" content=\"Koliber System\" \/>\n<meta property=\"article:modified_time\" content=\"2025-03-21T11:30:16+00:00\" \/>\n<meta name=\"twitter:card\" content=\"summary_large_image\" \/>\n<meta name=\"twitter:label1\" content=\"Gesch\u00e4tzte Lesezeit\" \/>\n\t<meta name=\"twitter:data1\" content=\"5\u00a0Minuten\" \/>\n<script type=\"application\/ld+json\" class=\"yoast-schema-graph\">{\"@context\":\"https:\\\/\\\/schema.org\",\"@graph\":[{\"@type\":\"WebPage\",\"@id\":\"https:\\\/\\\/kolibersystem.pl\\\/de\\\/datenschutzrichtlinie\\\/\",\"url\":\"https:\\\/\\\/kolibersystem.pl\\\/de\\\/datenschutzrichtlinie\\\/\",\"name\":\"Datenschutzrichtlinie - Koliber System\",\"isPartOf\":{\"@id\":\"https:\\\/\\\/kolibersystem.pl\\\/#website\"},\"datePublished\":\"2024-07-19T12:19:05+00:00\",\"dateModified\":\"2025-03-21T11:30:16+00:00\",\"breadcrumb\":{\"@id\":\"https:\\\/\\\/kolibersystem.pl\\\/de\\\/datenschutzrichtlinie\\\/#breadcrumb\"},\"inLanguage\":\"de\",\"potentialAction\":[{\"@type\":\"ReadAction\",\"target\":[\"https:\\\/\\\/kolibersystem.pl\\\/de\\\/datenschutzrichtlinie\\\/\"]}]},{\"@type\":\"BreadcrumbList\",\"@id\":\"https:\\\/\\\/kolibersystem.pl\\\/de\\\/datenschutzrichtlinie\\\/#breadcrumb\",\"itemListElement\":[{\"@type\":\"ListItem\",\"position\":1,\"name\":\"Strona g\u0142\u00f3wna\",\"item\":\"https:\\\/\\\/kolibersystem.pl\\\/de\\\/hauptseite\\\/\"},{\"@type\":\"ListItem\",\"position\":2,\"name\":\"Datenschutzrichtlinie\"}]},{\"@type\":\"WebSite\",\"@id\":\"https:\\\/\\\/kolibersystem.pl\\\/#website\",\"url\":\"https:\\\/\\\/kolibersystem.pl\\\/\",\"name\":\"Koliber System\",\"description\":\"\",\"publisher\":{\"@id\":\"https:\\\/\\\/kolibersystem.pl\\\/#organization\"},\"potentialAction\":[{\"@type\":\"SearchAction\",\"target\":{\"@type\":\"EntryPoint\",\"urlTemplate\":\"https:\\\/\\\/kolibersystem.pl\\\/?s={search_term_string}\"},\"query-input\":{\"@type\":\"PropertyValueSpecification\",\"valueRequired\":true,\"valueName\":\"search_term_string\"}}],\"inLanguage\":\"de\"},{\"@type\":\"Organization\",\"@id\":\"https:\\\/\\\/kolibersystem.pl\\\/#organization\",\"name\":\"Koliber System\",\"url\":\"https:\\\/\\\/kolibersystem.pl\\\/\",\"logo\":{\"@type\":\"ImageObject\",\"inLanguage\":\"de\",\"@id\":\"https:\\\/\\\/kolibersystem.pl\\\/#\\\/schema\\\/logo\\\/image\\\/\",\"url\":\"https:\\\/\\\/kolibersystem.pl\\\/wp-content\\\/uploads\\\/2024\\\/09\\\/koliber_system_logo_12a.svg\",\"contentUrl\":\"https:\\\/\\\/kolibersystem.pl\\\/wp-content\\\/uploads\\\/2024\\\/09\\\/koliber_system_logo_12a.svg\",\"width\":2087,\"height\":785,\"caption\":\"Koliber System\"},\"image\":{\"@id\":\"https:\\\/\\\/kolibersystem.pl\\\/#\\\/schema\\\/logo\\\/image\\\/\"}}]}<\/script>\n<!-- \/ Yoast SEO plugin. -->","yoast_head_json":{"title":"Datenschutzrichtlinie - Koliber System","robots":{"index":"index","follow":"follow","max-snippet":"max-snippet:-1","max-image-preview":"max-image-preview:large","max-video-preview":"max-video-preview:-1"},"canonical":"https:\/\/kolibersystem.pl\/de\/datenschutzrichtlinie\/","og_locale":"de_DE","og_type":"article","og_title":"Datenschutzrichtlinie - Koliber System","og_description":"Datenschutzrichtlinie Lieber Nutzer! Wir legen gro\u00dfen Wert auf den Schutz Ihrer Privatsph\u00e4re und m\u00f6chten, dass Sie sich beim Nutzen unserer Dienste wohl und sicher f\u00fchlen. Nachfolgend finden Sie die wichtigsten Informationen \u00fcber die Verarbeitung Ihrer personenbezogenen Daten sowie \u00fcber Cookies, die von unserem Service verwendet werden. Diese Informationen wurden unter Ber\u00fccksichtigung der DSGVO (Datenschutz-Grundverordnung) erstellt.&hellip;","og_url":"https:\/\/kolibersystem.pl\/de\/datenschutzrichtlinie\/","og_site_name":"Koliber System","article_modified_time":"2025-03-21T11:30:16+00:00","twitter_card":"summary_large_image","twitter_misc":{"Gesch\u00e4tzte Lesezeit":"5\u00a0Minuten"},"schema":{"@context":"https:\/\/schema.org","@graph":[{"@type":"WebPage","@id":"https:\/\/kolibersystem.pl\/de\/datenschutzrichtlinie\/","url":"https:\/\/kolibersystem.pl\/de\/datenschutzrichtlinie\/","name":"Datenschutzrichtlinie - Koliber System","isPartOf":{"@id":"https:\/\/kolibersystem.pl\/#website"},"datePublished":"2024-07-19T12:19:05+00:00","dateModified":"2025-03-21T11:30:16+00:00","breadcrumb":{"@id":"https:\/\/kolibersystem.pl\/de\/datenschutzrichtlinie\/#breadcrumb"},"inLanguage":"de","potentialAction":[{"@type":"ReadAction","target":["https:\/\/kolibersystem.pl\/de\/datenschutzrichtlinie\/"]}]},{"@type":"BreadcrumbList","@id":"https:\/\/kolibersystem.pl\/de\/datenschutzrichtlinie\/#breadcrumb","itemListElement":[{"@type":"ListItem","position":1,"name":"Strona g\u0142\u00f3wna","item":"https:\/\/kolibersystem.pl\/de\/hauptseite\/"},{"@type":"ListItem","position":2,"name":"Datenschutzrichtlinie"}]},{"@type":"WebSite","@id":"https:\/\/kolibersystem.pl\/#website","url":"https:\/\/kolibersystem.pl\/","name":"Koliber System","description":"","publisher":{"@id":"https:\/\/kolibersystem.pl\/#organization"},"potentialAction":[{"@type":"SearchAction","target":{"@type":"EntryPoint","urlTemplate":"https:\/\/kolibersystem.pl\/?s={search_term_string}"},"query-input":{"@type":"PropertyValueSpecification","valueRequired":true,"valueName":"search_term_string"}}],"inLanguage":"de"},{"@type":"Organization","@id":"https:\/\/kolibersystem.pl\/#organization","name":"Koliber System","url":"https:\/\/kolibersystem.pl\/","logo":{"@type":"ImageObject","inLanguage":"de","@id":"https:\/\/kolibersystem.pl\/#\/schema\/logo\/image\/","url":"https:\/\/kolibersystem.pl\/wp-content\/uploads\/2024\/09\/koliber_system_logo_12a.svg","contentUrl":"https:\/\/kolibersystem.pl\/wp-content\/uploads\/2024\/09\/koliber_system_logo_12a.svg","width":2087,"height":785,"caption":"Koliber System"},"image":{"@id":"https:\/\/kolibersystem.pl\/#\/schema\/logo\/image\/"}}]}},"_links":{"self":[{"href":"https:\/\/kolibersystem.pl\/de\/wp-json\/wp\/v2\/pages\/96223","targetHints":{"allow":["GET"]}}],"collection":[{"href":"https:\/\/kolibersystem.pl\/de\/wp-json\/wp\/v2\/pages"}],"about":[{"href":"https:\/\/kolibersystem.pl\/de\/wp-json\/wp\/v2\/types\/page"}],"author":[{"embeddable":true,"href":"https:\/\/kolibersystem.pl\/de\/wp-json\/wp\/v2\/users\/2"}],"replies":[{"embeddable":true,"href":"https:\/\/kolibersystem.pl\/de\/wp-json\/wp\/v2\/comments?post=96223"}],"version-history":[{"count":4,"href":"https:\/\/kolibersystem.pl\/de\/wp-json\/wp\/v2\/pages\/96223\/revisions"}],"predecessor-version":[{"id":96227,"href":"https:\/\/kolibersystem.pl\/de\/wp-json\/wp\/v2\/pages\/96223\/revisions\/96227"}],"wp:attachment":[{"href":"https:\/\/kolibersystem.pl\/de\/wp-json\/wp\/v2\/media?parent=96223"}],"curies":[{"name":"wp","href":"https:\/\/api.w.org\/{rel}","templated":true}]}}