{"id":96045,"date":"2020-11-04T18:55:12","date_gmt":"2020-11-04T17:55:12","guid":{"rendered":"https:\/\/kolibersystem.pl\/?page_id=96045"},"modified":"2025-03-18T15:22:03","modified_gmt":"2025-03-18T14:22:03","slug":"kontakt","status":"publish","type":"page","link":"https:\/\/kolibersystem.pl\/de\/kontakt\/","title":{"rendered":"Kontakt"},"content":{"rendered":"\t\t<div data-elementor-type=\"wp-page\" data-elementor-id=\"96045\" class=\"elementor elementor-96045 elementor-7532\" data-elementor-post-type=\"page\">\n\t\t\t\t\t\t<section class=\"elementor-section elementor-top-section elementor-element elementor-element-4f6659e elementor-reverse-tablet elementor-reverse-mobile elementor-section-height-min-height elementor-section-items-stretch elementor-section-boxed elementor-section-height-default\" data-id=\"4f6659e\" data-element_type=\"section\" data-settings=\"{&quot;background_background&quot;:&quot;gradient&quot;}\">\n\t\t\t\t\t\t\t<div class=\"elementor-background-overlay\"><\/div>\n\t\t\t\t\t\t\t<div class=\"elementor-container elementor-column-gap-wider\">\n\t\t\t\t\t<div class=\"elementor-column elementor-col-100 elementor-top-column elementor-element elementor-element-0ef9c24\" data-id=\"0ef9c24\" data-element_type=\"column\">\n\t\t\t<div class=\"elementor-widget-wrap elementor-element-populated\">\n\t\t\t\t\t\t<div class=\"elementor-element elementor-element-75a700b elementor-widget elementor-widget-the7-heading\" data-id=\"75a700b\" data-element_type=\"widget\" data-widget_type=\"the7-heading.default\">\n\t\t\t\t<div class=\"elementor-widget-container\">\n\t\t\t<h1 class=\"the7-heading-title elementor-size-default\">Kontakt<\/h1>\t\t<\/div>\n\t\t\t\t<\/div>\n\t\t\t\t\t<\/div>\n\t\t<\/div>\n\t\t\t\t\t<\/div>\n\t\t<\/section>\n\t\t\t\t<section class=\"elementor-section elementor-top-section elementor-element elementor-element-9daf257 elementor-section-boxed elementor-section-height-default elementor-section-height-default\" data-id=\"9daf257\" data-element_type=\"section\">\n\t\t\t\t\t\t<div class=\"elementor-container elementor-column-gap-default\">\n\t\t\t\t\t<div class=\"elementor-column elementor-col-100 elementor-top-column elementor-element elementor-element-5698519\" data-id=\"5698519\" data-element_type=\"column\">\n\t\t\t<div class=\"elementor-widget-wrap elementor-element-populated\">\n\t\t\t\t\t\t<div class=\"elementor-element elementor-element-1e99b2e elementor-widget__width-initial elementor-widget elementor-widget-the7-heading\" data-id=\"1e99b2e\" data-element_type=\"widget\" data-widget_type=\"the7-heading.default\">\n\t\t\t\t<div class=\"elementor-widget-container\">\n\t\t\t<h3 class=\"the7-heading-title elementor-size-default\">Kontaktieren Sie uns<\/h3>\t\t<\/div>\n\t\t\t\t<\/div>\n\t\t\t\t<div class=\"elementor-element elementor-element-da49a7f elementor-widget__width-initial elementor-widget elementor-widget-the7-heading\" data-id=\"da49a7f\" data-element_type=\"widget\" data-widget_type=\"the7-heading.default\">\n\t\t\t\t<div class=\"elementor-widget-container\">\n\t\t\t<h3 class=\"the7-heading-title elementor-size-default\">Kontaktieren Sie uns telefonisch oder per\nE-Mail, um die Durchf\u00fchrung Ihres\nAuftrags zu vereinbaren.  Wir h\u00f6ren uns\ngerne Ihre Bed\u00fcrfnisse an und beantworten\nalle Ihre Fragen.  Sie k\u00f6nnen uns von\nMontag bis Freitag zwischen 8:00 und 18:00 Uhr erreichen.<\/h3>\t\t<\/div>\n\t\t\t\t<\/div>\n\t\t\t\t\t<\/div>\n\t\t<\/div>\n\t\t\t\t\t<\/div>\n\t\t<\/section>\n\t\t\t\t<section class=\"elementor-section elementor-top-section elementor-element elementor-element-35beee3 elementor-section-boxed elementor-section-height-default elementor-section-height-default\" data-id=\"35beee3\" data-element_type=\"section\">\n\t\t\t\t\t\t<div class=\"elementor-container elementor-column-gap-wider\">\n\t\t\t\t\t<div class=\"elementor-column elementor-col-33 elementor-top-column elementor-element elementor-element-86efb17\" data-id=\"86efb17\" data-element_type=\"column\">\n\t\t\t<div class=\"elementor-widget-wrap elementor-element-populated\">\n\t\t\t\t\t\t<div class=\"elementor-element elementor-element-b043cc0 icon-position-mobile-top icon-position-top content-align-center icon-vertical-align-center icon-box-vertical-align-top elementor-widget elementor-widget-the7_icon_box_widget\" data-id=\"b043cc0\" data-element_type=\"widget\" data-widget_type=\"the7_icon_box_widget.default\">\n\t\t\t\t<div class=\"elementor-widget-container\">\n\t\t\t\n\t\t<div class=\"the7-box-wrapper the7-elementor-widget the7_icon_box_widget-b043cc0\">\t\t\t<div class=\"box-content-wrapper\">\n\t\t\t\t\t\t\t\t\t<a class=\"elementor-icon-div\" href=\"tel:+48532691089\">\t\t\t\t\t\t<div class=\"elementor-icon\">\n\t\t\t\t\t\t\t<svg xmlns=\"http:\/\/www.w3.org\/2000\/svg\" id=\"Layer_1\" data-name=\"Layer 1\" viewBox=\"0 0 24 24\" stroke-width=\"1.5\" width=\"100\" height=\"100\"><defs><style>.cls-637a50fc15c575900940066f-1{fill:none;stroke:currentColor;stroke-miterlimit:10;}<\/style><\/defs><path class=\"cls-637a50fc15c575900940066f-1\" d=\"M3.41,11H5.32a0,0,0,0,1,0,0v7.64a0,0,0,0,1,0,0H3.41A1.91,1.91,0,0,1,1.5,16.77V13A1.91,1.91,0,0,1,3.41,11Z\"><\/path><path class=\"cls-637a50fc15c575900940066f-1\" d=\"M18.68,11h1.91A1.91,1.91,0,0,1,22.5,13v3.82a1.91,1.91,0,0,1-1.91,1.91H18.68a0,0,0,0,1,0,0V11A0,0,0,0,1,18.68,11Z\"><\/path><path class=\"cls-637a50fc15c575900940066f-1\" d=\"M19.64,18.68h0a3.82,3.82,0,0,1-3.82,3.82H12\"><\/path><path class=\"cls-637a50fc15c575900940066f-1\" d=\"M4.36,11.05V9.14A7.64,7.64,0,0,1,12,1.5h0a7.64,7.64,0,0,1,7.64,7.64v1.91\"><\/path><\/svg>\t\t\t\t\t\t<\/div>\n\t\t\t\t\t<\/a>\t\t\t\t\t\t\t\t<div class=\"box-content\">\n\t\t\t\t\t\t\t\t\t\t\t\t\t\t\t\t\t<h4 class=\"box-heading\">\n\t\t\t\t\t\t\t<a href=\"tel:+48532691089\">\t\t\t\t\t\t\t\tTelefon\t\t\t\t\t\t\t<\/a>\t\t\t\t\t\t<\/h4>\n\t\t\t\t\t\t\t\t\t\t\t\t\t\t\t\t<div class=\"box-description\"><a href=\"tel:+48532691089\" style=\"color: inherit; text-decoration: none;\">+48 532 691 089<\/a><\/div>\n\t\t\t\t\t\n\t\t\t\t\t\n\t\t\t\t<\/div>\n\t\t\t<\/div>\n\t\t<\/div>\t\t\t<\/div>\n\t\t\t\t<\/div>\n\t\t\t\t\t<\/div>\n\t\t<\/div>\n\t\t\t\t<div class=\"elementor-column elementor-col-33 elementor-top-column elementor-element elementor-element-3f95fe1\" data-id=\"3f95fe1\" data-element_type=\"column\">\n\t\t\t<div class=\"elementor-widget-wrap elementor-element-populated\">\n\t\t\t\t\t\t<div class=\"elementor-element elementor-element-608af40 icon-position-mobile-top icon-position-top content-align-center icon-vertical-align-center icon-box-vertical-align-top elementor-widget elementor-widget-the7_icon_box_widget\" data-id=\"608af40\" data-element_type=\"widget\" data-widget_type=\"the7_icon_box_widget.default\">\n\t\t\t\t<div class=\"elementor-widget-container\">\n\t\t\t\n\t\t<div class=\"the7-box-wrapper the7-elementor-widget the7_icon_box_widget-608af40\">\t\t\t<div class=\"box-content-wrapper\">\n\t\t\t\t\t\t\t\t\t<a class=\"elementor-icon-div\" href=\"mailto:kolibersystem@wp.pl\">\t\t\t\t\t\t<div class=\"elementor-icon\">\n\t\t\t\t\t\t\t<svg xmlns=\"http:\/\/www.w3.org\/2000\/svg\" id=\"Layer_1\" data-name=\"Layer 1\" viewBox=\"0 0 24 24\" stroke-width=\"1.5\" width=\"100\" height=\"100\"><defs><style>.cls-637b8512f95e86b59c57a115-1{fill:none;stroke:currentColor;stroke-miterlimit:10;}<\/style><\/defs><circle class=\"cls-637b8512f95e86b59c57a115-1\" cx=\"12\" cy=\"12\" r=\"2.86\"><\/circle><path class=\"cls-637b8512f95e86b59c57a115-1\" d=\"M14.86,8.18v6a1.67,1.67,0,0,0,1.67,1.67h0a1.64,1.64,0,0,0,1.48-.9,6.65,6.65,0,0,0,.63-3.67,6.69,6.69,0,1,0-4.23,7\"><\/path><rect class=\"cls-637b8512f95e86b59c57a115-1\" x=\"1.5\" y=\"1.5\" width=\"21\" height=\"21\" rx=\"3.82\"><\/rect><\/svg>\t\t\t\t\t\t<\/div>\n\t\t\t\t\t<\/a>\t\t\t\t\t\t\t\t<div class=\"box-content\">\n\t\t\t\t\t\t\t\t\t\t\t\t\t\t\t\t\t<h4 class=\"box-heading\">\n\t\t\t\t\t\t\t<a href=\"mailto:kolibersystem@wp.pl\">\t\t\t\t\t\t\t\tE-mail\t\t\t\t\t\t\t<\/a>\t\t\t\t\t\t<\/h4>\n\t\t\t\t\t\t\t\t\t\t\t\t\t\t\t\t<div class=\"box-description\"><a href=\"mailto:kontakt@kolibersystem.pl\" style=\"color: inherit; text-decoration: none;\">kontakt@kolibersystem.pl<\/a><\/div>\n\t\t\t\t\t\n\t\t\t\t\t\n\t\t\t\t<\/div>\n\t\t\t<\/div>\n\t\t<\/div>\t\t\t<\/div>\n\t\t\t\t<\/div>\n\t\t\t\t\t<\/div>\n\t\t<\/div>\n\t\t\t\t<div class=\"elementor-column elementor-col-33 elementor-top-column elementor-element elementor-element-fa57cc9\" data-id=\"fa57cc9\" data-element_type=\"column\">\n\t\t\t<div class=\"elementor-widget-wrap elementor-element-populated\">\n\t\t\t\t\t\t<div class=\"elementor-element elementor-element-5ff8558 icon-position-mobile-top icon-position-top content-align-center icon-vertical-align-center icon-box-vertical-align-top elementor-widget elementor-widget-the7_icon_box_widget\" data-id=\"5ff8558\" data-element_type=\"widget\" data-widget_type=\"the7_icon_box_widget.default\">\n\t\t\t\t<div class=\"elementor-widget-container\">\n\t\t\t\n\t\t<div class=\"the7-box-wrapper the7-elementor-widget the7_icon_box_widget-5ff8558\">\t\t\t<div class=\"box-content-wrapper\">\n\t\t\t\t\t\t\t\t\t<a class=\"elementor-icon-div\" >\t\t\t\t\t\t<div class=\"elementor-icon\">\n\t\t\t\t\t\t\t<svg xmlns=\"http:\/\/www.w3.org\/2000\/svg\" viewBox=\"0 0 24 24\" stroke-width=\"1.5\" width=\"100\" height=\"100\"><defs><style>.cls-6375f1aeb67f094e4896ca17-1,.cls-6375f1aeb67f094e4896ca17-2{fill:none;stroke:currentColor;stroke-miterlimit:10;}.cls-6375f1aeb67f094e4896ca17-2{stroke-linecap:square;}<\/style><\/defs><g id=\"office\"><line class=\"cls-6375f1aeb67f094e4896ca17-1\" x1=\"11.04\" y1=\"14.88\" x2=\"12.96\" y2=\"14.88\"><\/line><line class=\"cls-6375f1aeb67f094e4896ca17-1\" x1=\"11.04\" y1=\"11.04\" x2=\"12.96\" y2=\"11.04\"><\/line><line class=\"cls-6375f1aeb67f094e4896ca17-1\" x1=\"11.04\" y1=\"7.21\" x2=\"12.96\" y2=\"7.21\"><\/line><line class=\"cls-6375f1aeb67f094e4896ca17-1\" x1=\"7.21\" y1=\"14.88\" x2=\"9.13\" y2=\"14.88\"><\/line><line class=\"cls-6375f1aeb67f094e4896ca17-1\" x1=\"7.21\" y1=\"11.04\" x2=\"9.13\" y2=\"11.04\"><\/line><line class=\"cls-6375f1aeb67f094e4896ca17-1\" x1=\"7.21\" y1=\"7.21\" x2=\"9.13\" y2=\"7.21\"><\/line><line class=\"cls-6375f1aeb67f094e4896ca17-1\" x1=\"14.88\" y1=\"14.88\" x2=\"16.79\" y2=\"14.88\"><\/line><line class=\"cls-6375f1aeb67f094e4896ca17-1\" x1=\"14.88\" y1=\"11.04\" x2=\"16.79\" y2=\"11.04\"><\/line><line class=\"cls-6375f1aeb67f094e4896ca17-1\" x1=\"14.88\" y1=\"7.21\" x2=\"16.79\" y2=\"7.21\"><\/line><rect class=\"cls-6375f1aeb67f094e4896ca17-2\" x=\"9.13\" y=\"18.71\" width=\"5.75\" height=\"3.83\"><\/rect><line class=\"cls-6375f1aeb67f094e4896ca17-1\" x1=\"23.5\" y1=\"22.54\" x2=\"0.5\" y2=\"22.54\"><\/line><polygon class=\"cls-6375f1aeb67f094e4896ca17-2\" points=\"16.79 3.38 16.79 1.46 7.21 1.46 7.21 3.38 4.33 3.38 4.33 22.54 19.67 22.54 19.67 3.38 16.79 3.38\"><\/polygon><\/g><\/svg>\t\t\t\t\t\t<\/div>\n\t\t\t\t\t<\/a>\t\t\t\t\t\t\t\t<div class=\"box-content\">\n\t\t\t\t\t\t\t\t\t\t\t\t\t\t\t\t\t<h4 class=\"box-heading\">\n\t\t\t\t\t\t\t<a >\t\t\t\t\t\t\t\tStandort\t\t\t\t\t\t\t<\/a>\t\t\t\t\t\t<\/h4>\n\t\t\t\t\t\t\t\t\t\t\t\t\t\t\t\t<div class=\"box-description\">Jod\u0142owa 2A <br>\n72-010 Police (Szczecin)<\/div>\n\t\t\t\t\t\n\t\t\t\t\t\n\t\t\t\t<\/div>\n\t\t\t<\/div>\n\t\t<\/div>\t\t\t<\/div>\n\t\t\t\t<\/div>\n\t\t\t\t\t<\/div>\n\t\t<\/div>\n\t\t\t\t\t<\/div>\n\t\t<\/section>\n\t\t\t\t<section class=\"elementor-section elementor-top-section elementor-element elementor-element-1419e3b elementor-section-stretched elementor-section-boxed elementor-section-height-default elementor-section-height-default\" data-id=\"1419e3b\" data-element_type=\"section\" data-settings=\"{&quot;stretch_section&quot;:&quot;section-stretched&quot;}\">\n\t\t\t\t\t\t<div class=\"elementor-container elementor-column-gap-wider\">\n\t\t\t\t\t<div class=\"elementor-column elementor-col-100 elementor-top-column elementor-element elementor-element-29fcaf8\" data-id=\"29fcaf8\" data-element_type=\"column\">\n\t\t\t<div class=\"elementor-widget-wrap elementor-element-populated\">\n\t\t\t\t\t\t<div class=\"elementor-element elementor-element-34a8aa1 elementor-widget elementor-widget-heading\" data-id=\"34a8aa1\" data-element_type=\"widget\" data-widget_type=\"heading.default\">\n\t\t\t\t<div class=\"elementor-widget-container\">\n\t\t\t<h3 class=\"elementor-heading-title elementor-size-default\">Kontaktformular<\/h3>\t\t<\/div>\n\t\t\t\t<\/div>\n\t\t\t\t<div class=\"elementor-element elementor-element-bd56ec1 elementor-widget elementor-widget-spacer\" data-id=\"bd56ec1\" data-element_type=\"widget\" data-widget_type=\"spacer.default\">\n\t\t\t\t<div class=\"elementor-widget-container\">\n\t\t\t\t\t<div class=\"elementor-spacer\">\n\t\t\t<div class=\"elementor-spacer-inner\"><\/div>\n\t\t<\/div>\n\t\t\t\t<\/div>\n\t\t\t\t<\/div>\n\t\t\t\t<div class=\"elementor-element elementor-element-286998d elementor-widget elementor-widget-html\" data-id=\"286998d\" data-element_type=\"widget\" data-widget_type=\"html.default\">\n\t\t\t\t<div class=\"elementor-widget-container\">\n\t\t\t\n<div class=\"wpcf7 no-js\" id=\"wpcf7-f96093-o1\" lang=\"pl-PL\" dir=\"ltr\" data-wpcf7-id=\"96093\">\n<div class=\"screen-reader-response\"><p role=\"status\" aria-live=\"polite\" aria-atomic=\"true\"><\/p> <ul><\/ul><\/div>\n<form action=\"\/de\/wp-json\/wp\/v2\/pages\/96045#wpcf7-f96093-o1\" method=\"post\" class=\"wpcf7-form init\" aria-label=\"Formularz kontaktowy\" novalidate=\"novalidate\" data-status=\"init\">\n<fieldset class=\"hidden-fields-container\"><input type=\"hidden\" name=\"_wpcf7\" value=\"96093\" \/><input type=\"hidden\" name=\"_wpcf7_version\" value=\"6.1.5\" \/><input type=\"hidden\" name=\"_wpcf7_locale\" value=\"pl_PL\" \/><input type=\"hidden\" name=\"_wpcf7_unit_tag\" value=\"wpcf7-f96093-o1\" \/><input type=\"hidden\" name=\"_wpcf7_container_post\" value=\"0\" \/><input type=\"hidden\" name=\"_wpcf7_posted_data_hash\" value=\"\" \/><input type=\"hidden\" name=\"_wpcf7_recaptcha_response\" value=\"\" \/>\n<\/fieldset>\n<p><label> Ihr Name<br \/>\n<span class=\"wpcf7-form-control-wrap\" data-name=\"your-name\"><input size=\"40\" maxlength=\"400\" class=\"wpcf7-form-control wpcf7-text\" autocomplete=\"name\" aria-invalid=\"false\" value=\"\" type=\"text\" name=\"your-name\" \/><\/span> <\/label>\n<\/p>\n<p><label> Ihre E-Mail-Adresse *<br \/>\n<span class=\"wpcf7-form-control-wrap\" data-name=\"your-email\"><input size=\"40\" maxlength=\"400\" class=\"wpcf7-form-control wpcf7-email wpcf7-validates-as-required wpcf7-text wpcf7-validates-as-email\" autocomplete=\"email\" aria-required=\"true\" aria-invalid=\"false\" value=\"\" type=\"email\" name=\"your-email\" \/><\/span> <\/label>\n<\/p>\n<p><label> Ihre Telefonnumer<br \/>\n<span class=\"wpcf7-form-control-wrap\" data-name=\"tel-688\"><input size=\"40\" maxlength=\"400\" class=\"wpcf7-form-control wpcf7-tel wpcf7-text wpcf7-validates-as-tel\" aria-invalid=\"false\" value=\"\" type=\"tel\" name=\"tel-688\" \/><\/span> <\/label>\n<\/p>\n<p><label> Ihre Nachricht *<br \/>\n<span class=\"wpcf7-form-control-wrap\" data-name=\"your-message\"><textarea cols=\"40\" rows=\"10\" maxlength=\"2000\" class=\"wpcf7-form-control wpcf7-textarea wpcf7-validates-as-required\" aria-required=\"true\" aria-invalid=\"false\" name=\"your-message\"><\/textarea><\/span> <\/label>\n<\/p>\n<span class=\"wpcf7-form-control-wrap recaptcha\" data-name=\"recaptcha\"><span data-sitekey=\"6Ld3ulcqAAAAAGMzq9qvjp1O1nHILlK3EfxVx-i7\" class=\"wpcf7-form-control wpcf7-recaptcha g-recaptcha\"><\/span>\r\n<noscript>\r\n\t<div class=\"grecaptcha-noscript\">\r\n\t\t<iframe src=\"https:\/\/www.google.com\/recaptcha\/api\/fallback?k=6Ld3ulcqAAAAAGMzq9qvjp1O1nHILlK3EfxVx-i7\" frameborder=\"0\" scrolling=\"no\" width=\"310\" height=\"430\">\r\n\t\t<\/iframe>\r\n\t\t<textarea name=\"g-recaptcha-response\" rows=\"3\" cols=\"40\" placeholder=\"reCaptcha Response Here\">\r\n\t\t<\/textarea>\r\n\t<\/div>\r\n<\/noscript>\r\n<\/span>\n<p><input class=\"wpcf7-form-control wpcf7-submit has-spinner\" type=\"submit\" value=\"Schicken\" \/>\n<\/p><div class=\"wpcf7-response-output\" aria-hidden=\"true\"><\/div>\n<\/form>\n<\/div>\n\t\t<\/div>\n\t\t\t\t<\/div>\n\t\t\t\t\t<\/div>\n\t\t<\/div>\n\t\t\t\t\t<\/div>\n\t\t<\/section>\n\t\t\t\t<section class=\"elementor-section elementor-top-section elementor-element elementor-element-8bd0e28 elementor-section-full_width elementor-section-height-default elementor-section-height-default\" data-id=\"8bd0e28\" data-element_type=\"section\" data-settings=\"{&quot;background_background&quot;:&quot;classic&quot;}\">\n\t\t\t\t\t\t<div class=\"elementor-container elementor-column-gap-no\">\n\t\t\t\t\t<div class=\"elementor-column elementor-col-100 elementor-top-column elementor-element elementor-element-a3c0f7f\" data-id=\"a3c0f7f\" data-element_type=\"column\">\n\t\t\t<div class=\"elementor-widget-wrap elementor-element-populated\">\n\t\t\t\t\t\t<div class=\"elementor-element elementor-element-9f04cf4 elementor-widget elementor-widget-google_maps\" data-id=\"9f04cf4\" data-element_type=\"widget\" data-widget_type=\"google_maps.default\">\n\t\t\t\t<div class=\"elementor-widget-container\">\n\t\t\t\t\t<div class=\"elementor-custom-embed\">\n\t\t\t<iframe loading=\"lazy\"\n\t\t\t\t\tsrc=\"https:\/\/maps.google.com\/maps?q=Jod%C5%82owa%202A%2C%20%2072-010%20Police&#038;t=m&#038;z=10&#038;output=embed&#038;iwloc=near\"\n\t\t\t\t\ttitle=\"Jod\u0142owa 2A,  72-010 Police\"\n\t\t\t\t\taria-label=\"Jod\u0142owa 2A,  72-010 Police\"\n\t\t\t><\/iframe>\n\t\t<\/div>\n\t\t\t\t<\/div>\n\t\t\t\t<\/div>\n\t\t\t\t\t<\/div>\n\t\t<\/div>\n\t\t\t\t\t<\/div>\n\t\t<\/section>\n\t\t\t\t<\/div>\n\t\t","protected":false},"excerpt":{"rendered":"<p>Kontakt Kontaktieren Sie uns Kontaktieren Sie uns telefonisch oder per E-Mail, um die Durchf\u00fchrung Ihres Auftrags zu vereinbaren. Wir h\u00f6ren uns gerne Ihre Bed\u00fcrfnisse an und beantworten alle Ihre Fragen. Sie k\u00f6nnen uns von Montag bis Freitag zwischen 8:00 und 18:00 Uhr erreichen. Telefon +48 532 691 089 E-mail kontakt@kolibersystem.pl Standort Jod\u0142owa 2A 72-010 Police&hellip;<\/p>\n","protected":false},"author":2,"featured_media":0,"parent":0,"menu_order":279,"comment_status":"closed","ping_status":"closed","template":"elementor_header_footer","meta":{"inline_featured_image":false,"footnotes":""},"class_list":["post-96045","page","type-page","status-publish","hentry"],"yoast_head":"<!-- This site is optimized with the Yoast SEO plugin v27.3 - https:\/\/yoast.com\/product\/yoast-seo-wordpress\/ -->\n<title>Kontakt - Koliber System<\/title>\n<meta name=\"robots\" content=\"index, follow, max-snippet:-1, max-image-preview:large, max-video-preview:-1\" \/>\n<link rel=\"canonical\" href=\"https:\/\/kolibersystem.pl\/de\/kontakt\/\" \/>\n<meta property=\"og:locale\" content=\"de_DE\" \/>\n<meta property=\"og:type\" content=\"article\" \/>\n<meta property=\"og:title\" content=\"Kontakt - Koliber System\" \/>\n<meta property=\"og:description\" content=\"Kontakt Kontaktieren Sie uns Kontaktieren Sie uns telefonisch oder per E-Mail, um die Durchf\u00fchrung Ihres Auftrags zu vereinbaren. Wir h\u00f6ren uns gerne Ihre Bed\u00fcrfnisse an und beantworten alle Ihre Fragen. Sie k\u00f6nnen uns von Montag bis Freitag zwischen 8:00 und 18:00 Uhr erreichen. Telefon +48 532 691 089 E-mail kontakt@kolibersystem.pl Standort Jod\u0142owa 2A 72-010 Police&hellip;\" \/>\n<meta property=\"og:url\" content=\"https:\/\/kolibersystem.pl\/de\/kontakt\/\" \/>\n<meta property=\"og:site_name\" content=\"Koliber System\" \/>\n<meta property=\"article:modified_time\" content=\"2025-03-18T14:22:03+00:00\" \/>\n<meta name=\"twitter:card\" content=\"summary_large_image\" \/>\n<meta name=\"twitter:label1\" content=\"Gesch\u00e4tzte Lesezeit\" \/>\n\t<meta name=\"twitter:data1\" content=\"1\u00a0Minute\" \/>\n<script type=\"application\/ld+json\" class=\"yoast-schema-graph\">{\"@context\":\"https:\\\/\\\/schema.org\",\"@graph\":[{\"@type\":\"WebPage\",\"@id\":\"https:\\\/\\\/kolibersystem.pl\\\/de\\\/kontakt\\\/\",\"url\":\"https:\\\/\\\/kolibersystem.pl\\\/de\\\/kontakt\\\/\",\"name\":\"Kontakt - Koliber System\",\"isPartOf\":{\"@id\":\"https:\\\/\\\/kolibersystem.pl\\\/#website\"},\"datePublished\":\"2020-11-04T17:55:12+00:00\",\"dateModified\":\"2025-03-18T14:22:03+00:00\",\"breadcrumb\":{\"@id\":\"https:\\\/\\\/kolibersystem.pl\\\/de\\\/kontakt\\\/#breadcrumb\"},\"inLanguage\":\"de\",\"potentialAction\":[{\"@type\":\"ReadAction\",\"target\":[\"https:\\\/\\\/kolibersystem.pl\\\/de\\\/kontakt\\\/\"]}]},{\"@type\":\"BreadcrumbList\",\"@id\":\"https:\\\/\\\/kolibersystem.pl\\\/de\\\/kontakt\\\/#breadcrumb\",\"itemListElement\":[{\"@type\":\"ListItem\",\"position\":1,\"name\":\"Strona g\u0142\u00f3wna\",\"item\":\"https:\\\/\\\/kolibersystem.pl\\\/de\\\/hauptseite\\\/\"},{\"@type\":\"ListItem\",\"position\":2,\"name\":\"Kontakt\"}]},{\"@type\":\"WebSite\",\"@id\":\"https:\\\/\\\/kolibersystem.pl\\\/#website\",\"url\":\"https:\\\/\\\/kolibersystem.pl\\\/\",\"name\":\"Koliber System\",\"description\":\"\",\"publisher\":{\"@id\":\"https:\\\/\\\/kolibersystem.pl\\\/#organization\"},\"potentialAction\":[{\"@type\":\"SearchAction\",\"target\":{\"@type\":\"EntryPoint\",\"urlTemplate\":\"https:\\\/\\\/kolibersystem.pl\\\/?s={search_term_string}\"},\"query-input\":{\"@type\":\"PropertyValueSpecification\",\"valueRequired\":true,\"valueName\":\"search_term_string\"}}],\"inLanguage\":\"de\"},{\"@type\":\"Organization\",\"@id\":\"https:\\\/\\\/kolibersystem.pl\\\/#organization\",\"name\":\"Koliber System\",\"url\":\"https:\\\/\\\/kolibersystem.pl\\\/\",\"logo\":{\"@type\":\"ImageObject\",\"inLanguage\":\"de\",\"@id\":\"https:\\\/\\\/kolibersystem.pl\\\/#\\\/schema\\\/logo\\\/image\\\/\",\"url\":\"https:\\\/\\\/kolibersystem.pl\\\/wp-content\\\/uploads\\\/2024\\\/09\\\/koliber_system_logo_12a.svg\",\"contentUrl\":\"https:\\\/\\\/kolibersystem.pl\\\/wp-content\\\/uploads\\\/2024\\\/09\\\/koliber_system_logo_12a.svg\",\"width\":2087,\"height\":785,\"caption\":\"Koliber System\"},\"image\":{\"@id\":\"https:\\\/\\\/kolibersystem.pl\\\/#\\\/schema\\\/logo\\\/image\\\/\"}}]}<\/script>\n<!-- \/ Yoast SEO plugin. -->","yoast_head_json":{"title":"Kontakt - Koliber System","robots":{"index":"index","follow":"follow","max-snippet":"max-snippet:-1","max-image-preview":"max-image-preview:large","max-video-preview":"max-video-preview:-1"},"canonical":"https:\/\/kolibersystem.pl\/de\/kontakt\/","og_locale":"de_DE","og_type":"article","og_title":"Kontakt - Koliber System","og_description":"Kontakt Kontaktieren Sie uns Kontaktieren Sie uns telefonisch oder per E-Mail, um die Durchf\u00fchrung Ihres Auftrags zu vereinbaren. Wir h\u00f6ren uns gerne Ihre Bed\u00fcrfnisse an und beantworten alle Ihre Fragen. Sie k\u00f6nnen uns von Montag bis Freitag zwischen 8:00 und 18:00 Uhr erreichen. Telefon +48 532 691 089 E-mail kontakt@kolibersystem.pl Standort Jod\u0142owa 2A 72-010 Police&hellip;","og_url":"https:\/\/kolibersystem.pl\/de\/kontakt\/","og_site_name":"Koliber System","article_modified_time":"2025-03-18T14:22:03+00:00","twitter_card":"summary_large_image","twitter_misc":{"Gesch\u00e4tzte Lesezeit":"1\u00a0Minute"},"schema":{"@context":"https:\/\/schema.org","@graph":[{"@type":"WebPage","@id":"https:\/\/kolibersystem.pl\/de\/kontakt\/","url":"https:\/\/kolibersystem.pl\/de\/kontakt\/","name":"Kontakt - Koliber System","isPartOf":{"@id":"https:\/\/kolibersystem.pl\/#website"},"datePublished":"2020-11-04T17:55:12+00:00","dateModified":"2025-03-18T14:22:03+00:00","breadcrumb":{"@id":"https:\/\/kolibersystem.pl\/de\/kontakt\/#breadcrumb"},"inLanguage":"de","potentialAction":[{"@type":"ReadAction","target":["https:\/\/kolibersystem.pl\/de\/kontakt\/"]}]},{"@type":"BreadcrumbList","@id":"https:\/\/kolibersystem.pl\/de\/kontakt\/#breadcrumb","itemListElement":[{"@type":"ListItem","position":1,"name":"Strona g\u0142\u00f3wna","item":"https:\/\/kolibersystem.pl\/de\/hauptseite\/"},{"@type":"ListItem","position":2,"name":"Kontakt"}]},{"@type":"WebSite","@id":"https:\/\/kolibersystem.pl\/#website","url":"https:\/\/kolibersystem.pl\/","name":"Koliber System","description":"","publisher":{"@id":"https:\/\/kolibersystem.pl\/#organization"},"potentialAction":[{"@type":"SearchAction","target":{"@type":"EntryPoint","urlTemplate":"https:\/\/kolibersystem.pl\/?s={search_term_string}"},"query-input":{"@type":"PropertyValueSpecification","valueRequired":true,"valueName":"search_term_string"}}],"inLanguage":"de"},{"@type":"Organization","@id":"https:\/\/kolibersystem.pl\/#organization","name":"Koliber System","url":"https:\/\/kolibersystem.pl\/","logo":{"@type":"ImageObject","inLanguage":"de","@id":"https:\/\/kolibersystem.pl\/#\/schema\/logo\/image\/","url":"https:\/\/kolibersystem.pl\/wp-content\/uploads\/2024\/09\/koliber_system_logo_12a.svg","contentUrl":"https:\/\/kolibersystem.pl\/wp-content\/uploads\/2024\/09\/koliber_system_logo_12a.svg","width":2087,"height":785,"caption":"Koliber System"},"image":{"@id":"https:\/\/kolibersystem.pl\/#\/schema\/logo\/image\/"}}]}},"_links":{"self":[{"href":"https:\/\/kolibersystem.pl\/de\/wp-json\/wp\/v2\/pages\/96045","targetHints":{"allow":["GET"]}}],"collection":[{"href":"https:\/\/kolibersystem.pl\/de\/wp-json\/wp\/v2\/pages"}],"about":[{"href":"https:\/\/kolibersystem.pl\/de\/wp-json\/wp\/v2\/types\/page"}],"author":[{"embeddable":true,"href":"https:\/\/kolibersystem.pl\/de\/wp-json\/wp\/v2\/users\/2"}],"replies":[{"embeddable":true,"href":"https:\/\/kolibersystem.pl\/de\/wp-json\/wp\/v2\/comments?post=96045"}],"version-history":[{"count":8,"href":"https:\/\/kolibersystem.pl\/de\/wp-json\/wp\/v2\/pages\/96045\/revisions"}],"predecessor-version":[{"id":96096,"href":"https:\/\/kolibersystem.pl\/de\/wp-json\/wp\/v2\/pages\/96045\/revisions\/96096"}],"wp:attachment":[{"href":"https:\/\/kolibersystem.pl\/de\/wp-json\/wp\/v2\/media?parent=96045"}],"curies":[{"name":"wp","href":"https:\/\/api.w.org\/{rel}","templated":true}]}}